{"id":1960,"date":"2022-03-21T20:57:24","date_gmt":"2022-03-21T20:57:24","guid":{"rendered":"http:\/\/nathanielober.com\/portfolio\/?page_id=1960"},"modified":"2022-05-24T03:58:20","modified_gmt":"2022-05-24T03:58:20","slug":"cv","status":"publish","type":"page","link":"http:\/\/nathanielober.com\/portfolio\/cv\/","title":{"rendered":"CV"},"content":{"rendered":"\n<figure class=\"wp-block-image is-style-default\"><img alt=\"\"\/><\/figure>\n\n\n\n<p><strong>Education<\/strong><\/p>\n\n\n\n<p>2015 MFA, Digital Arts + New Media &#8211; University of California, Santa Cruz (UCSC)<br>2003 BFA, Time-based Media Studies &#8211; Columbus College of Art and Design, Columbus OH (CCAD)<\/p>\n\n\n\n<p><strong>Awards, Fellowships, Residencies<\/strong><\/p>\n\n\n\n<p>2019 Montello Foundation, Montello, NV<br>2019 University of North Carolina Wilmington &#8211; Visiting Artist and Scholar, Wilmington, NC<br>2018 Henry Miller Memorial Library, Big Sur, CA<br>2017 American Arts Incubator, ZERO1 and the U.S. Department of State\u2019s Bureau of Educational and Cultural Affairs, Medell\u00edn, Colombia<br>2016 Henry Miller Memorial Library, Big Sur, CA<br>2016 Arteles Creative Center, H\u00e4meenkyr\u00f6, Finland<br>2015 IMRC Researcher in Residence, The University of Maine, Orono, MA<br>2015 NASA Research Grant (UCSC NSF REU- Lamat Summer Research Program)<br>2015 Astrophysics Lab at the University of California, Santa Cruz, CA<br>2015 Digital Arts Exchange Program, University of Sussex, UK<br>2015 Florence French Research Grant<br>2014 UCSC DANM GSR Fellowship<br>2014 UCIRA Residency UC Merced, Yosemite Field Station, Wawona, CA<br>2014 Lamat Fellowship (UCSC NSF REU- Lamat Summer Research Program)<br>2014 Florence French Research Grant<br>1999 Battelle scholarship<\/p>\n\n\n\n<p><strong>Selected Solo Exhibitions<\/strong><\/p>\n\n\n\n<p>2022 Twenty Four Hour Live Stream of Aeolus Way NYE, Lavalley Research Center, Joshua Tree, CA<br>2019 Samadhi Winter Solstice, The Lab, Monterey, CA<br>2019 Recent Sound Works, CAB Gallery UNCW, Wilmington, NC<br>2018 Orbits + Samadhi Cycles, Weatherhead Gallery, University of Saint Francis, Fort Wayne, IN<br>2018 The Life of Trees and Fungi (LAP #1), The Lab, Monterey, CA<br>2018 Orbits, Felix Kulpa Gallery, Santa Cruz, CA<br>2017 Orbits + Handmade Instruments, Felix Kulpa Gallery, Santa Cruz, CA<br>2017 61.562781, 23.092104 &#8211; A Time Capsule, Arteles Creative Center, H\u00e4meenkyr\u00f6, Finland<br>2017 Escucha, Colombo Americano, Medell\u00edn, Colombia<br>2016 The Observer or the Observed?, The Museum of Human Achievement, Austin, TX<br>2016 Sam\u0101dhi, a Heart of Vibrant Silence, It Looks Like its Open Gallery, Columbus, OH<br>2015 Works in Progress, IMRC Center at The University of Maine, Orono, MA<br>2015 Astro Lounge, (Nathaniel Ober\/William Corse) Digital Arts Research Center, UCSC, Santa Cruz, CA<br>2015 Orbits, Digital Arts Research Center, UCSC, Santa Cruz, CA<br>2015 Transflux, Yerba Buena Center for the Arts, San Francisco, CA<br>2008 28 Windows, Skylab Gallery, Columbus, OH<br>2008 Untitled Paintings in an Untitled space, Columbus, OH<br>2007 Recent Work, HCX, Columbus, OH<br>2006 Photo Wall 1, Carabar, Columbus, OH<br>2006 28 Days of Nathan, Carabar, Columbus, OH<br>2004 America: As Seen on TV, Madlab Gallery, Columbus, OH<br>2003 Video Wall #5, BLD Studios, Columbus, OH<\/p>\n\n\n\n<p><strong>Selected Group Exhibitions<\/strong><\/p>\n\n\n\n<p>2022 All Summers Eve Desert Rendezvous, Future Voyager Part 2, Wonder Valley, CA<br>2022 Pink Moon Ruins, Future Voyager, Donovan Ranch, Joshua Tree, CA<br>2021 This Earth, Southern Utah Museum of Art, Cedar City, UT<br>2019 Aeolian Harps, {Re-Happening}, Black Mountain College, Asheville, NC<br>2017 Open Studios Finale, Arteles Creative Center, H\u00e4meenkyr\u00f6, Finland<br>2017 American Arts Incubator, ISEA2017 (International Symposium on Electronic Art), Manizales, Colombia<br>2017 Projection Mapping, Paseo Public Prototyping Festival, San Jose, CA<br>2014 Transfluence\/HERD, Yerba Buena Center for the Arts, San Francisco, CA<br>2014 Transfluence\/GLOW, The Museum of Art &amp; History, Santa Cruz, CA<br>2014 Samadhi, L.A.S.T. Festival, Zero1 Garage, San Jose, CA<br>2014 Eight points on the moon, Digital Arts Research Center, UCSC, Santa Cruz, CA<br>2014 Sam\u0101dhi, Digital Arts Research Center, UCSC, Santa Cruz, CA<br>2014 Birth of Stars, Experimental Theater, Theater Arts Center, UCSC, Santa Cruz, CA<br>2014 Transfluence 2 &amp; 3, Lighthouse Point, Santa Cruz CA<br>2013 Transfluence, The Museum of Art &amp; History, Santa Cruz, CA<br>2013 Hermit Crab, 1000 Days for the Planet, Montreal Biodome, Montreal, Canada<br>2010 Apollo Et Hyacinthus KV38 una opera de W.A. Mozart, Teatro Nacional, Panama City, Panama<br>2010 Snake Dance, Columbus Performing Arts Center, Columbus, OH<br>2009 Projections, Art in the Mountains, The Big Sandy Mush Community, Asheville, NC<br>2008 The Brainbow Room, Chop Chop Gallery, Columbus, OH<br>2008 P2 Bicycle Generated Video Performance, Art Outside, The Enchanted Forest, Austin, TX<br>2007 Photo Walls 3 &amp; 4, Chop Chop Gallery, Columbus, OH<br>2007 Mutations, Things To Come Sci-Fi Film Festival, Brooklyn, NY<br>2007 Silver Lake Film Festival, Los Angeles, CA<br>2007 Homeslice, San Francisco Film and Video Festival, San Francisco, CA<br>2007 Journal of Short Film, Summer 2008 Volume 12<br>2007 Ohio Short Film &amp; Video Showcase, Wexner Center for the Arts, Columbus, OH<br>2007 Animation and Documentary Exhibition, Ohio Art League, Columbus, OH<br>2006 The Control Room, C33 Gallery, Chicago, IL<br>2006 The Control Room, Knowlton School of Architecture, Ohio State University, Columbus, OH<br>2006 The Control Room, Herbert F. Johnson Museum of Art, Cornell University, Ithaca, NY<br>2006 Untitled Video #57, 20\/20, The Gallery Upstairs, Columbus, OH<br>2005 1000 arms, Southgate House, Newport, KY<br>2005 Prefect, Rodan, Chicago, IL<br>2005 Cat or Axe?, Gallery 1049, Chicago, IL<br>2005 Prefect, Heir Gallery, Chicago, IL<br>2003 Video Pyramid, Canzani Center CCAD, Columbus, OH<br>2002 The Past is Preface, BLD Studios, Columbus, OH<br>2002 Distances, Columbus College of Art and Design, Columbus, OH<br>2001 Chaos Through Conformity, Neo-V Gallery, Columbus, OH<\/p>\n\n\n\n<p><\/p>\n\n\n\n<p><strong><a href=\"http:\/\/nathanielober.com\/NIO_CV_2022.pdf\" data-type=\"URL\" data-id=\"http:\/\/nathanielober.com\/NIO_CV_2022.pdf\">DOWNLOAD FULL CV\/Resume<\/a><\/strong><\/p>\n","protected":false},"excerpt":{"rendered":"<p>Education 2015 MFA, Digital Arts + New Media &#8211; University of California, Santa Cruz (UCSC)2003 BFA, Time-based Media Studies &#8211; Columbus College of Art and Design, Columbus OH (CCAD) Awards, Fellowships, Residencies 2019 Montello Foundation, Montello, NV2019 University of North Carolina Wilmington &#8211; Visiting Artist and Scholar, Wilmington, NC2018 Henry Miller Memorial Library, Big Sur, [&hellip;]<\/p>\n","protected":false},"author":1,"featured_media":2429,"parent":0,"menu_order":10,"comment_status":"closed","ping_status":"closed","template":"","meta":[],"_links":{"self":[{"href":"http:\/\/nathanielober.com\/portfolio\/wp-json\/wp\/v2\/pages\/1960"}],"collection":[{"href":"http:\/\/nathanielober.com\/portfolio\/wp-json\/wp\/v2\/pages"}],"about":[{"href":"http:\/\/nathanielober.com\/portfolio\/wp-json\/wp\/v2\/types\/page"}],"author":[{"embeddable":true,"href":"http:\/\/nathanielober.com\/portfolio\/wp-json\/wp\/v2\/users\/1"}],"replies":[{"embeddable":true,"href":"http:\/\/nathanielober.com\/portfolio\/wp-json\/wp\/v2\/comments?post=1960"}],"version-history":[{"count":15,"href":"http:\/\/nathanielober.com\/portfolio\/wp-json\/wp\/v2\/pages\/1960\/revisions"}],"predecessor-version":[{"id":2106,"href":"http:\/\/nathanielober.com\/portfolio\/wp-json\/wp\/v2\/pages\/1960\/revisions\/2106"}],"wp:featuredmedia":[{"embeddable":true,"href":"http:\/\/nathanielober.com\/portfolio\/wp-json\/wp\/v2\/media\/2429"}],"wp:attachment":[{"href":"http:\/\/nathanielober.com\/portfolio\/wp-json\/wp\/v2\/media?parent=1960"}],"curies":[{"name":"wp","href":"https:\/\/api.w.org\/{rel}","templated":true}]}}